{"id":39,"date":"2019-09-27T23:02:02","date_gmt":"2019-09-27T21:02:02","guid":{"rendered":"http:\/\/asrmcheuille.fr\/?page_id=39"},"modified":"2019-09-29T19:50:22","modified_gmt":"2019-09-29T17:50:22","slug":"cheuille","status":"publish","type":"page","link":"https:\/\/asrmcheuille.fr\/index.php\/moulin\/cheuille\/","title":{"rendered":"La Cheuille"},"content":{"rendered":"\n<h3>Ses caract\u00e9ristiques<\/h3>\n\n\n\n<p>La Cheuille est un petit cours d&rsquo;eau d&rsquo;une longueur de 27,5 km, qui prend sa source au \u00ab\u00a0Bois des Saules\u00a0\u00bb \u00e0 Saint-Armand-en-Puisaye (Ni\u00e8vre) et afflue dans la Loire \u00e0 Bonny-sur-Loire (Loiret) apr\u00e8s avoir travers\u00e9 Saint-Fargeau (Yonne).<\/p>\n\n\n\n<figure class=\"wp-block-image\"><img loading=\"lazy\" width=\"800\" height=\"519\" src=\"https:\/\/asrmcheuille.fr\/wp-content\/uploads\/2019\/09\/Cheuille_carte.png\" alt=\"\" class=\"wp-image-79\" srcset=\"https:\/\/asrmcheuille.fr\/wp-content\/uploads\/2019\/09\/Cheuille_carte.png 800w, https:\/\/asrmcheuille.fr\/wp-content\/uploads\/2019\/09\/Cheuille_carte-300x195.png 300w, https:\/\/asrmcheuille.fr\/wp-content\/uploads\/2019\/09\/Cheuille_carte-768x498.png 768w\" sizes=\"(max-width: 800px) 100vw, 800px\" \/><figcaption> <em>Le trac\u00e9 de la Cheuille<\/em> \u00e0 travers trois d\u00e9partements <\/figcaption><\/figure>\n\n\n\n<h3>Son nom<\/h3>\n\n\n\n<p>Il existe deux explications quant \u00e0 l&rsquo;origine de son nom:<\/p>\n\n\n\n<ul><li>En patois morvandiau, \u00ab\u00a0<em>cheuiller<\/em>\u00a0\u00bb signifie \u00ab\u00a0<em>pleuvoir faiblement<\/em>\u00a0\u00bb et la Cheuille pourrait simplement tenir son nom de son r\u00e9gime hydrologique pluvial.<\/li><\/ul>\n\n\n\n<ul><li>Comme le cours d&rsquo;eau chenille \u00e0 travers trois d\u00e9partements, il se pourrait aussi qu&rsquo;il se soit appel\u00e9 initialement la \u00ab\u00a0<em>Chenille<\/em>\u00a0\u00bb et soit devenu la Cheuille du fait d&rsquo;un \u00ab\u00a0<em>n<\/em>\u00a0\u00bb ressemblant fort \u00e0 un \u00ab\u00a0<em>u<\/em>\u00a0\u00bb lorsqu&rsquo;\u00e9crit \u00e0 la main sur un registre. <\/li><\/ul>\n\n\n\n<div class=\"wp-block-image\"><figure class=\"aligncenter\"><img loading=\"lazy\" width=\"240\" height=\"64\" src=\"http:\/\/asrmcheuille.fr\/wp-content\/uploads\/2019\/09\/Cheuille_ecriture.png\" alt=\"\" class=\"wp-image-82\"\/><figcaption><em>Une confusion possible<\/em><\/figcaption><\/figure><\/div>\n\n\n\n<h3>Un chamboulement r\u00e9cent<\/h3>\n\n\n\n<p>Dans les ann\u00e9es 1980, l&rsquo;Etat a construit la d\u00e9viation de la RN 7 &#8211; maintenant RD 2007 &#8211; sur le lit naturel de la Cheuille.<\/p>\n\n\n\n<p>Ainsi la Cheuille emprunte-t-elle \u00e0 pr\u00e9sent un lit rectifi\u00e9 au sud de la d\u00e9viation, qu&rsquo;elle traverse via deux buses en ciment.<\/p>\n","protected":false},"excerpt":{"rendered":"<div class=\"slide-text-bg2\"><span>Ses caract\u00e9ristiques La Cheuille est un petit cours d&rsquo;eau d&rsquo;une longueur de 27,5 km, qui prend sa source au \u00ab\u00a0Bois des Saules\u00a0\u00bb \u00e0 Saint-A<\/span><\/div>\n<div class=\"slide-btn-area-sm\"><a href=\"https:\/\/asrmcheuille.fr\/index.php\/moulin\/cheuille\/\" class=\"slide-btn-sm\">Lire la suite<\/a><\/div>\n","protected":false},"author":3,"featured_media":0,"parent":2,"menu_order":1,"comment_status":"closed","ping_status":"closed","template":"","meta":[],"_links":{"self":[{"href":"https:\/\/asrmcheuille.fr\/index.php\/wp-json\/wp\/v2\/pages\/39"}],"collection":[{"href":"https:\/\/asrmcheuille.fr\/index.php\/wp-json\/wp\/v2\/pages"}],"about":[{"href":"https:\/\/asrmcheuille.fr\/index.php\/wp-json\/wp\/v2\/types\/page"}],"author":[{"embeddable":true,"href":"https:\/\/asrmcheuille.fr\/index.php\/wp-json\/wp\/v2\/users\/3"}],"replies":[{"embeddable":true,"href":"https:\/\/asrmcheuille.fr\/index.php\/wp-json\/wp\/v2\/comments?post=39"}],"version-history":[{"count":4,"href":"https:\/\/asrmcheuille.fr\/index.php\/wp-json\/wp\/v2\/pages\/39\/revisions"}],"predecessor-version":[{"id":108,"href":"https:\/\/asrmcheuille.fr\/index.php\/wp-json\/wp\/v2\/pages\/39\/revisions\/108"}],"up":[{"embeddable":true,"href":"https:\/\/asrmcheuille.fr\/index.php\/wp-json\/wp\/v2\/pages\/2"}],"wp:attachment":[{"href":"https:\/\/asrmcheuille.fr\/index.php\/wp-json\/wp\/v2\/media?parent=39"}],"curies":[{"name":"wp","href":"https:\/\/api.w.org\/{rel}","templated":true}]}}