{"id":33,"date":"2019-09-27T22:55:40","date_gmt":"2019-09-27T20:55:40","guid":{"rendered":"http:\/\/asrmcheuille.fr\/?page_id=33"},"modified":"2019-09-29T19:50:34","modified_gmt":"2019-09-29T17:50:34","slug":"bief","status":"publish","type":"page","link":"https:\/\/asrmcheuille.fr\/index.php\/moulin\/bief\/","title":{"rendered":"Le bief"},"content":{"rendered":"\n<p>Le bief est le petit canal d&rsquo;environ 500 m qui alimente le moulin en eau.<\/p>\n\n\n\n<div class=\"wp-block-image\"><figure class=\"aligncenter\"><img loading=\"lazy\" width=\"1024\" height=\"399\" src=\"https:\/\/asrmcheuille.fr\/wp-content\/uploads\/2019\/09\/Moulin_Cheuille_Trave_ouvrages-1024x399.png\" alt=\"\" class=\"wp-image-114\" srcset=\"https:\/\/asrmcheuille.fr\/wp-content\/uploads\/2019\/09\/Moulin_Cheuille_Trave_ouvrages-1024x399.png 1024w, https:\/\/asrmcheuille.fr\/wp-content\/uploads\/2019\/09\/Moulin_Cheuille_Trave_ouvrages-300x117.png 300w, https:\/\/asrmcheuille.fr\/wp-content\/uploads\/2019\/09\/Moulin_Cheuille_Trave_ouvrages-768x299.png 768w, https:\/\/asrmcheuille.fr\/wp-content\/uploads\/2019\/09\/Moulin_Cheuille_Trave_ouvrages.png 1900w\" sizes=\"(max-width: 1024px) 100vw, 1024px\" \/><figcaption> <em>Vue a\u00e9rienne du site avec la localisation des ouvrages du Moulin de Cheuille<\/em> <\/figcaption><\/figure><\/div>\n\n\n\n<p>Un d\u00e9versoir de d\u00e9rivation oriente une partie de l&rsquo;eau de la <a href=\"https:\/\/asrmcheuille.fr\/index.php\/cheuille\/\">Cheuille<\/a> dans le bief, qui l&rsquo;achemine jusqu&rsquo;au moulin. L\u00e0, une vanne dite usini\u00e8re permet de l&rsquo;envoyer sur les aubes de la roue pour entra\u00eener le m\u00e9canisme du moulin.<\/p>\n\n\n\n<p>Un peu en amont du moulin, un ouvrage de d\u00e9charge permet de maintenir le niveau d&rsquo;eau dans le bief \u00e0 une hauteur constante sans influer sur le fonctionnement du moulin. Il est constitu\u00e9 d&rsquo;une vanne de d\u00e9charge bord\u00e9e de part et d&rsquo;autre de deux d\u00e9versoirs, qui renvoient le le trop-plein d&rsquo;eau dans un petit bras de la Cheuille.<\/p>\n\n\n\n<figure class=\"wp-block-image\"><img loading=\"lazy\" width=\"661\" height=\"1024\" src=\"https:\/\/asrmcheuille.fr\/wp-content\/uploads\/2019\/09\/CPA_Moulin_Cheuille_Deversoir-661x1024.jpg\" alt=\"\" class=\"wp-image-87\" srcset=\"https:\/\/asrmcheuille.fr\/wp-content\/uploads\/2019\/09\/CPA_Moulin_Cheuille_Deversoir-661x1024.jpg 661w, https:\/\/asrmcheuille.fr\/wp-content\/uploads\/2019\/09\/CPA_Moulin_Cheuille_Deversoir-194x300.jpg 194w, https:\/\/asrmcheuille.fr\/wp-content\/uploads\/2019\/09\/CPA_Moulin_Cheuille_Deversoir-768x1190.jpg 768w\" sizes=\"(max-width: 661px) 100vw, 661px\" \/><figcaption><em>Carte postale ancienne<\/em><\/figcaption><\/figure>\n","protected":false},"excerpt":{"rendered":"<div class=\"slide-text-bg2\"><span>Le bief est le petit canal d&rsquo;environ 500 m qui alimente le moulin en eau. Un d\u00e9versoir de d\u00e9rivation oriente une partie de l&rsquo;eau de la Cheuil<\/span><\/div>\n<div class=\"slide-btn-area-sm\"><a href=\"https:\/\/asrmcheuille.fr\/index.php\/moulin\/bief\/\" class=\"slide-btn-sm\">Lire la suite<\/a><\/div>\n","protected":false},"author":3,"featured_media":0,"parent":2,"menu_order":2,"comment_status":"closed","ping_status":"closed","template":"","meta":[],"_links":{"self":[{"href":"https:\/\/asrmcheuille.fr\/index.php\/wp-json\/wp\/v2\/pages\/33"}],"collection":[{"href":"https:\/\/asrmcheuille.fr\/index.php\/wp-json\/wp\/v2\/pages"}],"about":[{"href":"https:\/\/asrmcheuille.fr\/index.php\/wp-json\/wp\/v2\/types\/page"}],"author":[{"embeddable":true,"href":"https:\/\/asrmcheuille.fr\/index.php\/wp-json\/wp\/v2\/users\/3"}],"replies":[{"embeddable":true,"href":"https:\/\/asrmcheuille.fr\/index.php\/wp-json\/wp\/v2\/comments?post=33"}],"version-history":[{"count":9,"href":"https:\/\/asrmcheuille.fr\/index.php\/wp-json\/wp\/v2\/pages\/33\/revisions"}],"predecessor-version":[{"id":116,"href":"https:\/\/asrmcheuille.fr\/index.php\/wp-json\/wp\/v2\/pages\/33\/revisions\/116"}],"up":[{"embeddable":true,"href":"https:\/\/asrmcheuille.fr\/index.php\/wp-json\/wp\/v2\/pages\/2"}],"wp:attachment":[{"href":"https:\/\/asrmcheuille.fr\/index.php\/wp-json\/wp\/v2\/media?parent=33"}],"curies":[{"name":"wp","href":"https:\/\/api.w.org\/{rel}","templated":true}]}}