{"id":2,"date":"2019-09-17T14:52:42","date_gmt":"2019-09-17T12:52:42","guid":{"rendered":"http:\/\/asrmcheuille.fr\/?page_id=2"},"modified":"2019-10-01T21:03:20","modified_gmt":"2019-10-01T19:03:20","slug":"moulin","status":"publish","type":"page","link":"https:\/\/asrmcheuille.fr\/index.php\/moulin\/","title":{"rendered":"Le Moulin de Cheuille"},"content":{"rendered":"\n<h3>Ses caract\u00e9ristiques<\/h3>\n\n\n\n<p>Le Moulin de Cheuille est un moulin \u00e0 eau datant du XIIIe si\u00e8cle situ\u00e9 sur la commune de Bonny-sur-Loire dans le Loiret.<\/p>\n\n\n\n<p>Son \u00e9nergie lui est fournie par l&rsquo;\u00e9coulement gravitaire de l&rsquo;eau, qui fait tourner une roue, dont le mouvement est transmis \u00e0 divers m\u00e9canismes, dont une meule servant \u00e0 produire de la farine de bl\u00e9.<\/p>\n\n\n\n<p>Le moulin utilise une chute, qui est le syst\u00e8me le plus efficace de moteur hydraulique, o\u00f9 l&rsquo;eau est acbemin\u00e9e par un canal &#8211; le <a href=\"https:\/\/asrmcheuille.fr\/index.php\/bief\/\">bief<\/a> &#8211; en provenance d&rsquo;une prise sur un cours d&rsquo;eau &#8211; la <a href=\"https:\/\/asrmcheuille.fr\/index.php\/cheuille\/\">Cheuille<\/a>.<\/p>\n\n\n\n<p>La structure du moulin est en parfait \u00e9tat aujourd&rsquo;hui, mais sa roue \u00e0 aubes a malheureusement disparu avec le temps.<\/p>\n\n\n\n<div class=\"wp-block-image\"><figure class=\"aligncenter\"><img loading=\"lazy\" width=\"1024\" height=\"746\" src=\"https:\/\/asrmcheuille.fr\/wp-content\/uploads\/2019\/09\/Moulin_Cheuille_Roue-1024x746.png\" alt=\"\" class=\"wp-image-102\" srcset=\"https:\/\/asrmcheuille.fr\/wp-content\/uploads\/2019\/09\/Moulin_Cheuille_Roue-1024x746.png 1024w, https:\/\/asrmcheuille.fr\/wp-content\/uploads\/2019\/09\/Moulin_Cheuille_Roue-300x219.png 300w, https:\/\/asrmcheuille.fr\/wp-content\/uploads\/2019\/09\/Moulin_Cheuille_Roue-768x560.png 768w, https:\/\/asrmcheuille.fr\/wp-content\/uploads\/2019\/09\/Moulin_Cheuille_Roue.png 1290w\" sizes=\"(max-width: 1024px) 100vw, 1024px\" \/><figcaption><em>Le Moulin de Cheuille aujourd&rsquo;hui, avec sa roue \u00e0 aubes mat\u00e9rialis\u00e9e<\/em><\/figcaption><\/figure><\/div>\n\n\n\n<h3>Son histoire<\/h3>\n\n\n\n<p>L&rsquo;existence du Moulin de Cheuille est attest\u00e9e d\u00e8s 1284, o\u00f9 il appartient alors au Comte de Nevers.<\/p>\n\n\n\n<p>Il est mentionn\u00e9 dans un acte du notaire de Bonny en date du 7 d\u00e9cembre 1770 dressant le proc\u00e8s-verbal d&rsquo;un \u00ab\u00a0<em>nauffrage<\/em>\u00a0\u00bb de bateaux en Loire au-dessus de cette \u00ab\u00a0<em>ville de Bonny et entre ycelle et le moulin de Cheuil<\/em>\u00a0\u00bb .<\/p>\n\n\n\n<figure class=\"wp-block-image\"><img loading=\"lazy\" width=\"1024\" height=\"651\" src=\"https:\/\/asrmcheuille.fr\/wp-content\/uploads\/2019\/09\/CPA_Moulin_Cheuille-1024x651.jpg\" alt=\"\" class=\"wp-image-86\" srcset=\"https:\/\/asrmcheuille.fr\/wp-content\/uploads\/2019\/09\/CPA_Moulin_Cheuille-1024x651.jpg 1024w, https:\/\/asrmcheuille.fr\/wp-content\/uploads\/2019\/09\/CPA_Moulin_Cheuille-300x191.jpg 300w, https:\/\/asrmcheuille.fr\/wp-content\/uploads\/2019\/09\/CPA_Moulin_Cheuille-768x488.jpg 768w\" sizes=\"(max-width: 1024px) 100vw, 1024px\" \/><figcaption><em>Carte postale ancienne<\/em><\/figcaption><\/figure>\n\n\n\n<p>Diff\u00e9rents documents, notamment des actes notariaux, stipulent que le moulin a servi \u00e0 fabriquer de la farine jusqu&rsquo;au d\u00e9but&nbsp;du XXe si\u00e8cle.<\/p>\n\n\n\n<p>Depuis 1979, il appartient \u00e0 M. et Mme D\u00e9noy\u00e9, qui s&rsquo;y sont d\u00e9finitivement install\u00e9s en 2000.<\/p>\n\n\n\n<h3>Son avenir<\/h3>\n\n\n\n<p>L&rsquo;avenir du Moulin de Cheuille est menac\u00e9 par l&rsquo;ass\u00e8chement du <a href=\"https:\/\/asrmcheuille.fr\/index.php\/bief\/\">bief <\/a>qu&rsquo;envisage h\u00e9las le Conseil D\u00e9partemental du Loiret dans le cadre de l&rsquo;obligation de restauration de la continuit\u00e9 \u00e9cologique de la <a href=\"https:\/\/asrmcheuille.fr\/index.php\/cheuille\/\">Cheuille<\/a>.<\/p>\n\n\n\n<figure class=\"wp-block-image\"><img loading=\"lazy\" width=\"1024\" height=\"768\" src=\"https:\/\/asrmcheuille.fr\/wp-content\/uploads\/2019\/09\/Assechement-1024x768.jpg\" alt=\"\" class=\"wp-image-92\" srcset=\"https:\/\/asrmcheuille.fr\/wp-content\/uploads\/2019\/09\/Assechement.jpg 1024w, https:\/\/asrmcheuille.fr\/wp-content\/uploads\/2019\/09\/Assechement-300x225.jpg 300w, https:\/\/asrmcheuille.fr\/wp-content\/uploads\/2019\/09\/Assechement-768x576.jpg 768w\" sizes=\"(max-width: 1024px) 100vw, 1024px\" \/><figcaption><em>Le bief en 2022 ?<\/em><\/figcaption><\/figure>\n","protected":false},"excerpt":{"rendered":"<div class=\"slide-text-bg2\"><span>Ses caract\u00e9ristiques Le Moulin de Cheuille est un moulin \u00e0 eau datant du XIIIe si\u00e8cle situ\u00e9 sur la commune de Bonny-sur-Loire dans le Loiret. Son \u00e9ner<\/span><\/div>\n<div class=\"slide-btn-area-sm\"><a href=\"https:\/\/asrmcheuille.fr\/index.php\/moulin\/\" class=\"slide-btn-sm\">Lire la suite<\/a><\/div>\n","protected":false},"author":3,"featured_media":0,"parent":0,"menu_order":1,"comment_status":"closed","ping_status":"open","template":"","meta":[],"_links":{"self":[{"href":"https:\/\/asrmcheuille.fr\/index.php\/wp-json\/wp\/v2\/pages\/2"}],"collection":[{"href":"https:\/\/asrmcheuille.fr\/index.php\/wp-json\/wp\/v2\/pages"}],"about":[{"href":"https:\/\/asrmcheuille.fr\/index.php\/wp-json\/wp\/v2\/types\/page"}],"author":[{"embeddable":true,"href":"https:\/\/asrmcheuille.fr\/index.php\/wp-json\/wp\/v2\/users\/3"}],"replies":[{"embeddable":true,"href":"https:\/\/asrmcheuille.fr\/index.php\/wp-json\/wp\/v2\/comments?post=2"}],"version-history":[{"count":24,"href":"https:\/\/asrmcheuille.fr\/index.php\/wp-json\/wp\/v2\/pages\/2\/revisions"}],"predecessor-version":[{"id":148,"href":"https:\/\/asrmcheuille.fr\/index.php\/wp-json\/wp\/v2\/pages\/2\/revisions\/148"}],"wp:attachment":[{"href":"https:\/\/asrmcheuille.fr\/index.php\/wp-json\/wp\/v2\/media?parent=2"}],"curies":[{"name":"wp","href":"https:\/\/api.w.org\/{rel}","templated":true}]}}