{"id":144,"date":"2019-10-01T10:54:42","date_gmt":"2019-10-01T08:54:42","guid":{"rendered":"https:\/\/asrmcheuille.fr\/?page_id=144"},"modified":"2019-10-01T11:01:40","modified_gmt":"2019-10-01T09:01:40","slug":"confidentialite","status":"publish","type":"page","link":"https:\/\/asrmcheuille.fr\/index.php\/association\/confidentialite\/","title":{"rendered":"Politique de confidentialit\u00e9"},"content":{"rendered":"\n<p>Conform\u00e9ment au R\u00e8glement (UE) 2016\/679 du Parlement europ\u00e9en et du Conseil du 27 avril 2016 (R\u00e8glement G\u00e9n\u00e9ral sur la Protection des Donn\u00e9es), vous b\u00e9n\u00e9ficiez d&rsquo;un droit d&rsquo;acc\u00e8s, de rectification, d&rsquo;effacement et d&rsquo;opposition pour motif l\u00e9gitime concernant vos donn\u00e9es personnelles ainsi qu&rsquo;un droit d&rsquo;opposition \u00e0 la prospection commerciale.<\/p>\n\n\n\n<p>Vous b\u00e9n\u00e9ficiez \u00e9galement d&rsquo;un droit \u00e0 la portabilit\u00e9 de vos donn\u00e9es, de limiter leur traitement ainsi que de nous faire part de vos directives quant au sort de celles-ci apr\u00e8s votre d\u00e9c\u00e8s.<\/p>\n\n\n\n<p>Pour exercer l&rsquo;un de ces droits, il convient de nous en faire la demande, en pr\u00e9cisant le motif et en joignant la copie d&rsquo;un justificatif de votre identit\u00e9, \u00e0 l&rsquo;une des deux adresses suivantes : <\/p>\n\n\n\n<p style=\"text-align:center\">ASRM Cheuille<br>5, All\u00e9e des Soupirs<br>45420 BONNY-SUR-LOIRE<\/p>\n\n\n\n<p>ou<\/p>\n\n\n\n<p style=\"text-align:center\">postmaster@asrmcheuille.fr<\/p>\n\n\n\n<p>Vous disposez, par ailleurs, du droit d&rsquo;introduire une r\u00e9clamation devant l&rsquo;autorit\u00e9 de contr\u00f4le comp\u00e9tente en France, la CNIL (www.cnil.fr).<\/p>\n","protected":false},"excerpt":{"rendered":"<div class=\"slide-text-bg2\"><span>Conform\u00e9ment au R\u00e8glement (UE) 2016\/679 du Parlement europ\u00e9en et du Conseil du 27 avril 2016 (R\u00e8glement G\u00e9n\u00e9ral sur la Protection des Donn\u00e9es), vous<\/span><\/div>\n<div class=\"slide-btn-area-sm\"><a href=\"https:\/\/asrmcheuille.fr\/index.php\/association\/confidentialite\/\" class=\"slide-btn-sm\">Lire la suite<\/a><\/div>\n","protected":false},"author":3,"featured_media":0,"parent":68,"menu_order":0,"comment_status":"closed","ping_status":"closed","template":"","meta":[],"_links":{"self":[{"href":"https:\/\/asrmcheuille.fr\/index.php\/wp-json\/wp\/v2\/pages\/144"}],"collection":[{"href":"https:\/\/asrmcheuille.fr\/index.php\/wp-json\/wp\/v2\/pages"}],"about":[{"href":"https:\/\/asrmcheuille.fr\/index.php\/wp-json\/wp\/v2\/types\/page"}],"author":[{"embeddable":true,"href":"https:\/\/asrmcheuille.fr\/index.php\/wp-json\/wp\/v2\/users\/3"}],"replies":[{"embeddable":true,"href":"https:\/\/asrmcheuille.fr\/index.php\/wp-json\/wp\/v2\/comments?post=144"}],"version-history":[{"count":1,"href":"https:\/\/asrmcheuille.fr\/index.php\/wp-json\/wp\/v2\/pages\/144\/revisions"}],"predecessor-version":[{"id":145,"href":"https:\/\/asrmcheuille.fr\/index.php\/wp-json\/wp\/v2\/pages\/144\/revisions\/145"}],"up":[{"embeddable":true,"href":"https:\/\/asrmcheuille.fr\/index.php\/wp-json\/wp\/v2\/pages\/68"}],"wp:attachment":[{"href":"https:\/\/asrmcheuille.fr\/index.php\/wp-json\/wp\/v2\/media?parent=144"}],"curies":[{"name":"wp","href":"https:\/\/api.w.org\/{rel}","templated":true}]}}